{"id":1062,"date":"2019-06-27T14:41:09","date_gmt":"2019-06-27T12:41:09","guid":{"rendered":"http:\/\/mirante.ch\/contact\/"},"modified":"2025-07-30T16:39:12","modified_gmt":"2025-07-30T14:39:12","slug":"contact","status":"publish","type":"page","link":"https:\/\/mirante.ch\/fr\/fund-management\/contact\/","title":{"rendered":"Contact"},"content":{"rendered":"","protected":false},"excerpt":{"rendered":"","protected":false},"author":3,"featured_media":0,"parent":1066,"menu_order":12,"comment_status":"closed","ping_status":"closed","template":"contact.php","meta":{"_acf_changed":false,"footnotes":""},"class_list":["post-1062","page","type-page","status-publish","hentry"],"acf":[],"yoast_head":"<!-- This site is optimized with the Yoast SEO plugin v27.3 - https:\/\/yoast.com\/product\/yoast-seo-wordpress\/ -->\n<title>Mirante Fund Management &#8226; Contactez-nous<\/title>\n<meta name=\"description\" content=\"Contactez-nous &#8226; MFM Mirante Fund Management SA est une soci\u00e9t\u00e9 ind\u00e9pendante de gestion d&#039;actifs bas\u00e9e \u00e0 Lausanne et Z\u00fcrich.\" \/>\n<meta name=\"robots\" content=\"index, follow, max-snippet:-1, max-image-preview:large, max-video-preview:-1\" \/>\n<link rel=\"canonical\" href=\"https:\/\/mirante.ch\/fr\/fund-management\/contact\/\" \/>\n<meta property=\"og:locale\" content=\"fr_FR\" \/>\n<meta property=\"og:type\" content=\"article\" \/>\n<meta property=\"og:title\" content=\"Mirante Fund Management &#8226; Contactez-nous\" \/>\n<meta property=\"og:description\" content=\"Contactez-nous &#8226; MFM Mirante Fund Management SA est une soci\u00e9t\u00e9 ind\u00e9pendante de gestion d&#039;actifs bas\u00e9e \u00e0 Lausanne et Z\u00fcrich.\" \/>\n<meta property=\"og:url\" content=\"https:\/\/mirante.ch\/fr\/fund-management\/contact\/\" \/>\n<meta property=\"og:site_name\" content=\"Mirante\" \/>\n<meta property=\"article:publisher\" content=\"https:\/\/www.facebook.com\/mfmmirantefundmanagement\" \/>\n<meta property=\"article:modified_time\" content=\"2025-07-30T14:39:12+00:00\" \/>\n<meta name=\"twitter:card\" content=\"summary_large_image\" \/>\n<meta name=\"twitter:site\" content=\"@mfm_sa\" \/>\n<script type=\"application\/ld+json\" class=\"yoast-schema-graph\">{\"@context\":\"https:\\\/\\\/schema.org\",\"@graph\":[{\"@type\":\"WebPage\",\"@id\":\"https:\\\/\\\/mirante.ch\\\/fr\\\/fund-management\\\/contact\\\/\",\"url\":\"https:\\\/\\\/mirante.ch\\\/fr\\\/fund-management\\\/contact\\\/\",\"name\":\"Mirante Fund Management &#8226; Contactez-nous\",\"isPartOf\":{\"@id\":\"https:\\\/\\\/mirante.ch\\\/en\\\/#website\"},\"datePublished\":\"2019-06-27T12:41:09+00:00\",\"dateModified\":\"2025-07-30T14:39:12+00:00\",\"description\":\"Contactez-nous &#8226; MFM Mirante Fund Management SA est une soci\u00e9t\u00e9 ind\u00e9pendante de gestion d'actifs bas\u00e9e \u00e0 Lausanne et Z\u00fcrich.\",\"breadcrumb\":{\"@id\":\"https:\\\/\\\/mirante.ch\\\/fr\\\/fund-management\\\/contact\\\/#breadcrumb\"},\"inLanguage\":\"fr-FR\",\"potentialAction\":[{\"@type\":\"ReadAction\",\"target\":[\"https:\\\/\\\/mirante.ch\\\/fr\\\/fund-management\\\/contact\\\/\"]}]},{\"@type\":\"BreadcrumbList\",\"@id\":\"https:\\\/\\\/mirante.ch\\\/fr\\\/fund-management\\\/contact\\\/#breadcrumb\",\"itemListElement\":[{\"@type\":\"ListItem\",\"position\":1,\"name\":\"Home\",\"item\":\"https:\\\/\\\/mirante.ch\\\/fr\\\/\"},{\"@type\":\"ListItem\",\"position\":2,\"name\":\"Asset Management\",\"item\":\"https:\\\/\\\/mirante.ch\\\/fr\\\/fund-management\\\/\"},{\"@type\":\"ListItem\",\"position\":3,\"name\":\"Contact\"}]},{\"@type\":\"WebSite\",\"@id\":\"https:\\\/\\\/mirante.ch\\\/en\\\/#website\",\"url\":\"https:\\\/\\\/mirante.ch\\\/en\\\/\",\"name\":\"Mirante\",\"description\":\"\",\"publisher\":{\"@id\":\"https:\\\/\\\/mirante.ch\\\/en\\\/#organization\"},\"potentialAction\":[{\"@type\":\"SearchAction\",\"target\":{\"@type\":\"EntryPoint\",\"urlTemplate\":\"https:\\\/\\\/mirante.ch\\\/en\\\/?s={search_term_string}\"},\"query-input\":{\"@type\":\"PropertyValueSpecification\",\"valueRequired\":true,\"valueName\":\"search_term_string\"}}],\"inLanguage\":\"fr-FR\"},{\"@type\":\"Organization\",\"@id\":\"https:\\\/\\\/mirante.ch\\\/en\\\/#organization\",\"name\":\"Mirante Fund Management SA\",\"url\":\"https:\\\/\\\/mirante.ch\\\/en\\\/\",\"logo\":{\"@type\":\"ImageObject\",\"inLanguage\":\"fr-FR\",\"@id\":\"https:\\\/\\\/mirante.ch\\\/en\\\/#\\\/schema\\\/logo\\\/image\\\/\",\"url\":\"https:\\\/\\\/mirante.ch\\\/wp-content\\\/uploads\\\/2021\\\/10\\\/mfm-logo-cmjn-new.png\",\"contentUrl\":\"https:\\\/\\\/mirante.ch\\\/wp-content\\\/uploads\\\/2021\\\/10\\\/mfm-logo-cmjn-new.png\",\"width\":1175,\"height\":323,\"caption\":\"Mirante Fund Management SA\"},\"image\":{\"@id\":\"https:\\\/\\\/mirante.ch\\\/en\\\/#\\\/schema\\\/logo\\\/image\\\/\"},\"sameAs\":[\"https:\\\/\\\/www.facebook.com\\\/mfmmirantefundmanagement\",\"https:\\\/\\\/x.com\\\/mfm_sa\",\"https:\\\/\\\/www.linkedin.com\\\/company\\\/mfm-mirante-fund-management\\\/\"]}]}<\/script>\n<!-- \/ Yoast SEO plugin. -->","yoast_head_json":{"title":"Mirante Fund Management &#8226; Contactez-nous","description":"Contactez-nous &#8226; MFM Mirante Fund Management SA est une soci\u00e9t\u00e9 ind\u00e9pendante de gestion d'actifs bas\u00e9e \u00e0 Lausanne et Z\u00fcrich.","robots":{"index":"index","follow":"follow","max-snippet":"max-snippet:-1","max-image-preview":"max-image-preview:large","max-video-preview":"max-video-preview:-1"},"canonical":"https:\/\/mirante.ch\/fr\/fund-management\/contact\/","og_locale":"fr_FR","og_type":"article","og_title":"Mirante Fund Management &#8226; Contactez-nous","og_description":"Contactez-nous &#8226; MFM Mirante Fund Management SA est une soci\u00e9t\u00e9 ind\u00e9pendante de gestion d'actifs bas\u00e9e \u00e0 Lausanne et Z\u00fcrich.","og_url":"https:\/\/mirante.ch\/fr\/fund-management\/contact\/","og_site_name":"Mirante","article_publisher":"https:\/\/www.facebook.com\/mfmmirantefundmanagement","article_modified_time":"2025-07-30T14:39:12+00:00","twitter_card":"summary_large_image","twitter_site":"@mfm_sa","schema":{"@context":"https:\/\/schema.org","@graph":[{"@type":"WebPage","@id":"https:\/\/mirante.ch\/fr\/fund-management\/contact\/","url":"https:\/\/mirante.ch\/fr\/fund-management\/contact\/","name":"Mirante Fund Management &#8226; Contactez-nous","isPartOf":{"@id":"https:\/\/mirante.ch\/en\/#website"},"datePublished":"2019-06-27T12:41:09+00:00","dateModified":"2025-07-30T14:39:12+00:00","description":"Contactez-nous &#8226; MFM Mirante Fund Management SA est une soci\u00e9t\u00e9 ind\u00e9pendante de gestion d'actifs bas\u00e9e \u00e0 Lausanne et Z\u00fcrich.","breadcrumb":{"@id":"https:\/\/mirante.ch\/fr\/fund-management\/contact\/#breadcrumb"},"inLanguage":"fr-FR","potentialAction":[{"@type":"ReadAction","target":["https:\/\/mirante.ch\/fr\/fund-management\/contact\/"]}]},{"@type":"BreadcrumbList","@id":"https:\/\/mirante.ch\/fr\/fund-management\/contact\/#breadcrumb","itemListElement":[{"@type":"ListItem","position":1,"name":"Home","item":"https:\/\/mirante.ch\/fr\/"},{"@type":"ListItem","position":2,"name":"Asset Management","item":"https:\/\/mirante.ch\/fr\/fund-management\/"},{"@type":"ListItem","position":3,"name":"Contact"}]},{"@type":"WebSite","@id":"https:\/\/mirante.ch\/en\/#website","url":"https:\/\/mirante.ch\/en\/","name":"Mirante","description":"","publisher":{"@id":"https:\/\/mirante.ch\/en\/#organization"},"potentialAction":[{"@type":"SearchAction","target":{"@type":"EntryPoint","urlTemplate":"https:\/\/mirante.ch\/en\/?s={search_term_string}"},"query-input":{"@type":"PropertyValueSpecification","valueRequired":true,"valueName":"search_term_string"}}],"inLanguage":"fr-FR"},{"@type":"Organization","@id":"https:\/\/mirante.ch\/en\/#organization","name":"Mirante Fund Management SA","url":"https:\/\/mirante.ch\/en\/","logo":{"@type":"ImageObject","inLanguage":"fr-FR","@id":"https:\/\/mirante.ch\/en\/#\/schema\/logo\/image\/","url":"https:\/\/mirante.ch\/wp-content\/uploads\/2021\/10\/mfm-logo-cmjn-new.png","contentUrl":"https:\/\/mirante.ch\/wp-content\/uploads\/2021\/10\/mfm-logo-cmjn-new.png","width":1175,"height":323,"caption":"Mirante Fund Management SA"},"image":{"@id":"https:\/\/mirante.ch\/en\/#\/schema\/logo\/image\/"},"sameAs":["https:\/\/www.facebook.com\/mfmmirantefundmanagement","https:\/\/x.com\/mfm_sa","https:\/\/www.linkedin.com\/company\/mfm-mirante-fund-management\/"]}]}},"_links":{"self":[{"href":"https:\/\/mirante.ch\/fr\/wp-json\/wp\/v2\/pages\/1062","targetHints":{"allow":["GET"]}}],"collection":[{"href":"https:\/\/mirante.ch\/fr\/wp-json\/wp\/v2\/pages"}],"about":[{"href":"https:\/\/mirante.ch\/fr\/wp-json\/wp\/v2\/types\/page"}],"author":[{"embeddable":true,"href":"https:\/\/mirante.ch\/fr\/wp-json\/wp\/v2\/users\/3"}],"replies":[{"embeddable":true,"href":"https:\/\/mirante.ch\/fr\/wp-json\/wp\/v2\/comments?post=1062"}],"version-history":[{"count":22,"href":"https:\/\/mirante.ch\/fr\/wp-json\/wp\/v2\/pages\/1062\/revisions"}],"predecessor-version":[{"id":10032,"href":"https:\/\/mirante.ch\/fr\/wp-json\/wp\/v2\/pages\/1062\/revisions\/10032"}],"up":[{"embeddable":true,"href":"https:\/\/mirante.ch\/fr\/wp-json\/wp\/v2\/pages\/1066"}],"wp:attachment":[{"href":"https:\/\/mirante.ch\/fr\/wp-json\/wp\/v2\/media?parent=1062"}],"curies":[{"name":"wp","href":"https:\/\/api.w.org\/{rel}","templated":true}]}}