{"id":1827,"date":"2019-08-13T17:15:58","date_gmt":"2019-08-13T15:15:58","guid":{"rendered":"http:\/\/mirante.ch\/?page_id=1827"},"modified":"2023-05-25T15:50:57","modified_gmt":"2023-05-25T13:50:57","slug":"notre-equipe","status":"publish","type":"page","link":"https:\/\/mirante.ch\/fr\/fund-management\/notre-equipe\/","title":{"rendered":"Nos collaborateurs"},"content":{"rendered":"","protected":false},"excerpt":{"rendered":"","protected":false},"author":4,"featured_media":0,"parent":1066,"menu_order":2,"comment_status":"closed","ping_status":"closed","template":"team-funds.php","meta":{"_acf_changed":false,"footnotes":""},"class_list":["post-1827","page","type-page","status-publish","hentry"],"acf":[],"yoast_head":"<!-- This site is optimized with the Yoast SEO plugin v27.3 - https:\/\/yoast.com\/product\/yoast-seo-wordpress\/ -->\n<title>Mirante Fund Management &#8226; Notre \u00e9quipe<\/title>\n<meta name=\"description\" content=\"Notre \u00e9quipe &#8226; Nous offrons des solutions sur mesure, notre but est de d\u00e9velopper et de maintenir des relations \u00e0 long terme fond\u00e9es sur la coop\u00e9ration et la transparence.\" \/>\n<meta name=\"robots\" content=\"index, follow, max-snippet:-1, max-image-preview:large, max-video-preview:-1\" \/>\n<link rel=\"canonical\" href=\"https:\/\/mirante.ch\/fr\/fund-management\/notre-equipe\/\" \/>\n<meta property=\"og:locale\" content=\"fr_FR\" \/>\n<meta property=\"og:type\" content=\"article\" \/>\n<meta property=\"og:title\" content=\"Mirante Fund Management &#8226; Notre \u00e9quipe\" \/>\n<meta property=\"og:description\" content=\"Notre \u00e9quipe &#8226; Nous offrons des solutions sur mesure, notre but est de d\u00e9velopper et de maintenir des relations \u00e0 long terme fond\u00e9es sur la coop\u00e9ration et la transparence.\" \/>\n<meta property=\"og:url\" content=\"https:\/\/mirante.ch\/fr\/fund-management\/notre-equipe\/\" \/>\n<meta property=\"og:site_name\" content=\"Mirante\" \/>\n<meta property=\"article:publisher\" content=\"https:\/\/www.facebook.com\/mfmmirantefundmanagement\" \/>\n<meta property=\"article:modified_time\" content=\"2023-05-25T13:50:57+00:00\" \/>\n<meta name=\"twitter:card\" content=\"summary_large_image\" \/>\n<meta name=\"twitter:site\" content=\"@mfm_sa\" \/>\n<script type=\"application\/ld+json\" class=\"yoast-schema-graph\">{\"@context\":\"https:\\\/\\\/schema.org\",\"@graph\":[{\"@type\":\"WebPage\",\"@id\":\"https:\\\/\\\/mirante.ch\\\/fr\\\/fund-management\\\/notre-equipe\\\/\",\"url\":\"https:\\\/\\\/mirante.ch\\\/fr\\\/fund-management\\\/notre-equipe\\\/\",\"name\":\"Mirante Fund Management &#8226; Notre \u00e9quipe\",\"isPartOf\":{\"@id\":\"https:\\\/\\\/mirante.ch\\\/en\\\/#website\"},\"datePublished\":\"2019-08-13T15:15:58+00:00\",\"dateModified\":\"2023-05-25T13:50:57+00:00\",\"description\":\"Notre \u00e9quipe &#8226; Nous offrons des solutions sur mesure, notre but est de d\u00e9velopper et de maintenir des relations \u00e0 long terme fond\u00e9es sur la coop\u00e9ration et la transparence.\",\"breadcrumb\":{\"@id\":\"https:\\\/\\\/mirante.ch\\\/fr\\\/fund-management\\\/notre-equipe\\\/#breadcrumb\"},\"inLanguage\":\"fr-FR\",\"potentialAction\":[{\"@type\":\"ReadAction\",\"target\":[\"https:\\\/\\\/mirante.ch\\\/fr\\\/fund-management\\\/notre-equipe\\\/\"]}]},{\"@type\":\"BreadcrumbList\",\"@id\":\"https:\\\/\\\/mirante.ch\\\/fr\\\/fund-management\\\/notre-equipe\\\/#breadcrumb\",\"itemListElement\":[{\"@type\":\"ListItem\",\"position\":1,\"name\":\"Home\",\"item\":\"https:\\\/\\\/mirante.ch\\\/fr\\\/\"},{\"@type\":\"ListItem\",\"position\":2,\"name\":\"Asset Management\",\"item\":\"https:\\\/\\\/mirante.ch\\\/fr\\\/fund-management\\\/\"},{\"@type\":\"ListItem\",\"position\":3,\"name\":\"Nos collaborateurs\"}]},{\"@type\":\"WebSite\",\"@id\":\"https:\\\/\\\/mirante.ch\\\/en\\\/#website\",\"url\":\"https:\\\/\\\/mirante.ch\\\/en\\\/\",\"name\":\"Mirante\",\"description\":\"\",\"publisher\":{\"@id\":\"https:\\\/\\\/mirante.ch\\\/en\\\/#organization\"},\"potentialAction\":[{\"@type\":\"SearchAction\",\"target\":{\"@type\":\"EntryPoint\",\"urlTemplate\":\"https:\\\/\\\/mirante.ch\\\/en\\\/?s={search_term_string}\"},\"query-input\":{\"@type\":\"PropertyValueSpecification\",\"valueRequired\":true,\"valueName\":\"search_term_string\"}}],\"inLanguage\":\"fr-FR\"},{\"@type\":\"Organization\",\"@id\":\"https:\\\/\\\/mirante.ch\\\/en\\\/#organization\",\"name\":\"Mirante Fund Management SA\",\"url\":\"https:\\\/\\\/mirante.ch\\\/en\\\/\",\"logo\":{\"@type\":\"ImageObject\",\"inLanguage\":\"fr-FR\",\"@id\":\"https:\\\/\\\/mirante.ch\\\/en\\\/#\\\/schema\\\/logo\\\/image\\\/\",\"url\":\"https:\\\/\\\/mirante.ch\\\/wp-content\\\/uploads\\\/2021\\\/10\\\/mfm-logo-cmjn-new.png\",\"contentUrl\":\"https:\\\/\\\/mirante.ch\\\/wp-content\\\/uploads\\\/2021\\\/10\\\/mfm-logo-cmjn-new.png\",\"width\":1175,\"height\":323,\"caption\":\"Mirante Fund Management SA\"},\"image\":{\"@id\":\"https:\\\/\\\/mirante.ch\\\/en\\\/#\\\/schema\\\/logo\\\/image\\\/\"},\"sameAs\":[\"https:\\\/\\\/www.facebook.com\\\/mfmmirantefundmanagement\",\"https:\\\/\\\/x.com\\\/mfm_sa\",\"https:\\\/\\\/www.linkedin.com\\\/company\\\/mfm-mirante-fund-management\\\/\"]}]}<\/script>\n<!-- \/ Yoast SEO plugin. -->","yoast_head_json":{"title":"Mirante Fund Management &#8226; Notre \u00e9quipe","description":"Notre \u00e9quipe &#8226; Nous offrons des solutions sur mesure, notre but est de d\u00e9velopper et de maintenir des relations \u00e0 long terme fond\u00e9es sur la coop\u00e9ration et la transparence.","robots":{"index":"index","follow":"follow","max-snippet":"max-snippet:-1","max-image-preview":"max-image-preview:large","max-video-preview":"max-video-preview:-1"},"canonical":"https:\/\/mirante.ch\/fr\/fund-management\/notre-equipe\/","og_locale":"fr_FR","og_type":"article","og_title":"Mirante Fund Management &#8226; Notre \u00e9quipe","og_description":"Notre \u00e9quipe &#8226; Nous offrons des solutions sur mesure, notre but est de d\u00e9velopper et de maintenir des relations \u00e0 long terme fond\u00e9es sur la coop\u00e9ration et la transparence.","og_url":"https:\/\/mirante.ch\/fr\/fund-management\/notre-equipe\/","og_site_name":"Mirante","article_publisher":"https:\/\/www.facebook.com\/mfmmirantefundmanagement","article_modified_time":"2023-05-25T13:50:57+00:00","twitter_card":"summary_large_image","twitter_site":"@mfm_sa","schema":{"@context":"https:\/\/schema.org","@graph":[{"@type":"WebPage","@id":"https:\/\/mirante.ch\/fr\/fund-management\/notre-equipe\/","url":"https:\/\/mirante.ch\/fr\/fund-management\/notre-equipe\/","name":"Mirante Fund Management &#8226; Notre \u00e9quipe","isPartOf":{"@id":"https:\/\/mirante.ch\/en\/#website"},"datePublished":"2019-08-13T15:15:58+00:00","dateModified":"2023-05-25T13:50:57+00:00","description":"Notre \u00e9quipe &#8226; Nous offrons des solutions sur mesure, notre but est de d\u00e9velopper et de maintenir des relations \u00e0 long terme fond\u00e9es sur la coop\u00e9ration et la transparence.","breadcrumb":{"@id":"https:\/\/mirante.ch\/fr\/fund-management\/notre-equipe\/#breadcrumb"},"inLanguage":"fr-FR","potentialAction":[{"@type":"ReadAction","target":["https:\/\/mirante.ch\/fr\/fund-management\/notre-equipe\/"]}]},{"@type":"BreadcrumbList","@id":"https:\/\/mirante.ch\/fr\/fund-management\/notre-equipe\/#breadcrumb","itemListElement":[{"@type":"ListItem","position":1,"name":"Home","item":"https:\/\/mirante.ch\/fr\/"},{"@type":"ListItem","position":2,"name":"Asset Management","item":"https:\/\/mirante.ch\/fr\/fund-management\/"},{"@type":"ListItem","position":3,"name":"Nos collaborateurs"}]},{"@type":"WebSite","@id":"https:\/\/mirante.ch\/en\/#website","url":"https:\/\/mirante.ch\/en\/","name":"Mirante","description":"","publisher":{"@id":"https:\/\/mirante.ch\/en\/#organization"},"potentialAction":[{"@type":"SearchAction","target":{"@type":"EntryPoint","urlTemplate":"https:\/\/mirante.ch\/en\/?s={search_term_string}"},"query-input":{"@type":"PropertyValueSpecification","valueRequired":true,"valueName":"search_term_string"}}],"inLanguage":"fr-FR"},{"@type":"Organization","@id":"https:\/\/mirante.ch\/en\/#organization","name":"Mirante Fund Management SA","url":"https:\/\/mirante.ch\/en\/","logo":{"@type":"ImageObject","inLanguage":"fr-FR","@id":"https:\/\/mirante.ch\/en\/#\/schema\/logo\/image\/","url":"https:\/\/mirante.ch\/wp-content\/uploads\/2021\/10\/mfm-logo-cmjn-new.png","contentUrl":"https:\/\/mirante.ch\/wp-content\/uploads\/2021\/10\/mfm-logo-cmjn-new.png","width":1175,"height":323,"caption":"Mirante Fund Management SA"},"image":{"@id":"https:\/\/mirante.ch\/en\/#\/schema\/logo\/image\/"},"sameAs":["https:\/\/www.facebook.com\/mfmmirantefundmanagement","https:\/\/x.com\/mfm_sa","https:\/\/www.linkedin.com\/company\/mfm-mirante-fund-management\/"]}]}},"_links":{"self":[{"href":"https:\/\/mirante.ch\/fr\/wp-json\/wp\/v2\/pages\/1827","targetHints":{"allow":["GET"]}}],"collection":[{"href":"https:\/\/mirante.ch\/fr\/wp-json\/wp\/v2\/pages"}],"about":[{"href":"https:\/\/mirante.ch\/fr\/wp-json\/wp\/v2\/types\/page"}],"author":[{"embeddable":true,"href":"https:\/\/mirante.ch\/fr\/wp-json\/wp\/v2\/users\/4"}],"replies":[{"embeddable":true,"href":"https:\/\/mirante.ch\/fr\/wp-json\/wp\/v2\/comments?post=1827"}],"version-history":[{"count":11,"href":"https:\/\/mirante.ch\/fr\/wp-json\/wp\/v2\/pages\/1827\/revisions"}],"predecessor-version":[{"id":5512,"href":"https:\/\/mirante.ch\/fr\/wp-json\/wp\/v2\/pages\/1827\/revisions\/5512"}],"up":[{"embeddable":true,"href":"https:\/\/mirante.ch\/fr\/wp-json\/wp\/v2\/pages\/1066"}],"wp:attachment":[{"href":"https:\/\/mirante.ch\/fr\/wp-json\/wp\/v2\/media?parent=1827"}],"curies":[{"name":"wp","href":"https:\/\/api.w.org\/{rel}","templated":true}]}}