{"id":1890,"date":"2019-06-27T14:39:05","date_gmt":"2019-06-27T12:39:05","guid":{"rendered":"http:\/\/mirante.ch\/wealth-management\/"},"modified":"2026-02-13T11:44:29","modified_gmt":"2026-02-13T10:44:29","slug":"gestion-de-patrimoine","status":"publish","type":"page","link":"https:\/\/mirante.ch\/fr\/gestion-de-patrimoine\/","title":{"rendered":"Wealth management"},"content":{"rendered":"","protected":false},"excerpt":{"rendered":"","protected":false},"author":3,"featured_media":0,"parent":0,"menu_order":4,"comment_status":"closed","ping_status":"closed","template":"home-wealth.php","meta":{"_acf_changed":false,"footnotes":""},"class_list":["post-1890","page","type-page","status-publish","hentry"],"acf":[],"yoast_head":"<!-- This site is optimized with the Yoast SEO plugin v27.3 - https:\/\/yoast.com\/product\/yoast-seo-wordpress\/ -->\n<title>MFM Mirante Fund Management &#8226; Gestion de patrimoine<\/title>\n<meta name=\"description\" content=\"Nous sommes actifs dans la gestion de patrimoine globale pour une client\u00e8le priv\u00e9e. D\u00e9couvrez nos services\" \/>\n<meta name=\"robots\" content=\"index, follow, max-snippet:-1, max-image-preview:large, max-video-preview:-1\" \/>\n<link rel=\"canonical\" href=\"https:\/\/mirante.ch\/fr\/gestion-de-patrimoine\/\" \/>\n<meta property=\"og:locale\" content=\"fr_FR\" \/>\n<meta property=\"og:type\" content=\"article\" \/>\n<meta property=\"og:title\" content=\"MFM Mirante Fund Management &#8226; Gestion de patrimoine\" \/>\n<meta property=\"og:description\" content=\"Nous sommes actifs dans la gestion de patrimoine globale pour une client\u00e8le priv\u00e9e. D\u00e9couvrez nos services\" \/>\n<meta property=\"og:url\" content=\"https:\/\/mirante.ch\/fr\/gestion-de-patrimoine\/\" \/>\n<meta property=\"og:site_name\" content=\"Mirante\" \/>\n<meta property=\"article:publisher\" content=\"https:\/\/www.facebook.com\/mfmmirantefundmanagement\" \/>\n<meta property=\"article:modified_time\" content=\"2026-02-13T10:44:29+00:00\" \/>\n<meta name=\"twitter:card\" content=\"summary_large_image\" \/>\n<meta name=\"twitter:site\" content=\"@mfm_sa\" \/>\n<script type=\"application\/ld+json\" class=\"yoast-schema-graph\">{\"@context\":\"https:\\\/\\\/schema.org\",\"@graph\":[{\"@type\":\"WebPage\",\"@id\":\"https:\\\/\\\/mirante.ch\\\/fr\\\/gestion-de-patrimoine\\\/\",\"url\":\"https:\\\/\\\/mirante.ch\\\/fr\\\/gestion-de-patrimoine\\\/\",\"name\":\"MFM Mirante Fund Management &#8226; Gestion de patrimoine\",\"isPartOf\":{\"@id\":\"https:\\\/\\\/mirante.ch\\\/en\\\/#website\"},\"datePublished\":\"2019-06-27T12:39:05+00:00\",\"dateModified\":\"2026-02-13T10:44:29+00:00\",\"description\":\"Nous sommes actifs dans la gestion de patrimoine globale pour une client\u00e8le priv\u00e9e. D\u00e9couvrez nos services\",\"breadcrumb\":{\"@id\":\"https:\\\/\\\/mirante.ch\\\/fr\\\/gestion-de-patrimoine\\\/#breadcrumb\"},\"inLanguage\":\"fr-FR\",\"potentialAction\":[{\"@type\":\"ReadAction\",\"target\":[\"https:\\\/\\\/mirante.ch\\\/fr\\\/gestion-de-patrimoine\\\/\"]}]},{\"@type\":\"BreadcrumbList\",\"@id\":\"https:\\\/\\\/mirante.ch\\\/fr\\\/gestion-de-patrimoine\\\/#breadcrumb\",\"itemListElement\":[{\"@type\":\"ListItem\",\"position\":1,\"name\":\"Home\",\"item\":\"https:\\\/\\\/mirante.ch\\\/fr\\\/\"},{\"@type\":\"ListItem\",\"position\":2,\"name\":\"Wealth management\"}]},{\"@type\":\"WebSite\",\"@id\":\"https:\\\/\\\/mirante.ch\\\/en\\\/#website\",\"url\":\"https:\\\/\\\/mirante.ch\\\/en\\\/\",\"name\":\"Mirante\",\"description\":\"\",\"publisher\":{\"@id\":\"https:\\\/\\\/mirante.ch\\\/en\\\/#organization\"},\"potentialAction\":[{\"@type\":\"SearchAction\",\"target\":{\"@type\":\"EntryPoint\",\"urlTemplate\":\"https:\\\/\\\/mirante.ch\\\/en\\\/?s={search_term_string}\"},\"query-input\":{\"@type\":\"PropertyValueSpecification\",\"valueRequired\":true,\"valueName\":\"search_term_string\"}}],\"inLanguage\":\"fr-FR\"},{\"@type\":\"Organization\",\"@id\":\"https:\\\/\\\/mirante.ch\\\/en\\\/#organization\",\"name\":\"Mirante Fund Management SA\",\"url\":\"https:\\\/\\\/mirante.ch\\\/en\\\/\",\"logo\":{\"@type\":\"ImageObject\",\"inLanguage\":\"fr-FR\",\"@id\":\"https:\\\/\\\/mirante.ch\\\/en\\\/#\\\/schema\\\/logo\\\/image\\\/\",\"url\":\"https:\\\/\\\/mirante.ch\\\/wp-content\\\/uploads\\\/2021\\\/10\\\/mfm-logo-cmjn-new.png\",\"contentUrl\":\"https:\\\/\\\/mirante.ch\\\/wp-content\\\/uploads\\\/2021\\\/10\\\/mfm-logo-cmjn-new.png\",\"width\":1175,\"height\":323,\"caption\":\"Mirante Fund Management SA\"},\"image\":{\"@id\":\"https:\\\/\\\/mirante.ch\\\/en\\\/#\\\/schema\\\/logo\\\/image\\\/\"},\"sameAs\":[\"https:\\\/\\\/www.facebook.com\\\/mfmmirantefundmanagement\",\"https:\\\/\\\/x.com\\\/mfm_sa\",\"https:\\\/\\\/www.linkedin.com\\\/company\\\/mfm-mirante-fund-management\\\/\"]}]}<\/script>\n<!-- \/ Yoast SEO plugin. -->","yoast_head_json":{"title":"MFM Mirante Fund Management &#8226; Gestion de patrimoine","description":"Nous sommes actifs dans la gestion de patrimoine globale pour une client\u00e8le priv\u00e9e. D\u00e9couvrez nos services","robots":{"index":"index","follow":"follow","max-snippet":"max-snippet:-1","max-image-preview":"max-image-preview:large","max-video-preview":"max-video-preview:-1"},"canonical":"https:\/\/mirante.ch\/fr\/gestion-de-patrimoine\/","og_locale":"fr_FR","og_type":"article","og_title":"MFM Mirante Fund Management &#8226; Gestion de patrimoine","og_description":"Nous sommes actifs dans la gestion de patrimoine globale pour une client\u00e8le priv\u00e9e. D\u00e9couvrez nos services","og_url":"https:\/\/mirante.ch\/fr\/gestion-de-patrimoine\/","og_site_name":"Mirante","article_publisher":"https:\/\/www.facebook.com\/mfmmirantefundmanagement","article_modified_time":"2026-02-13T10:44:29+00:00","twitter_card":"summary_large_image","twitter_site":"@mfm_sa","schema":{"@context":"https:\/\/schema.org","@graph":[{"@type":"WebPage","@id":"https:\/\/mirante.ch\/fr\/gestion-de-patrimoine\/","url":"https:\/\/mirante.ch\/fr\/gestion-de-patrimoine\/","name":"MFM Mirante Fund Management &#8226; Gestion de patrimoine","isPartOf":{"@id":"https:\/\/mirante.ch\/en\/#website"},"datePublished":"2019-06-27T12:39:05+00:00","dateModified":"2026-02-13T10:44:29+00:00","description":"Nous sommes actifs dans la gestion de patrimoine globale pour une client\u00e8le priv\u00e9e. D\u00e9couvrez nos services","breadcrumb":{"@id":"https:\/\/mirante.ch\/fr\/gestion-de-patrimoine\/#breadcrumb"},"inLanguage":"fr-FR","potentialAction":[{"@type":"ReadAction","target":["https:\/\/mirante.ch\/fr\/gestion-de-patrimoine\/"]}]},{"@type":"BreadcrumbList","@id":"https:\/\/mirante.ch\/fr\/gestion-de-patrimoine\/#breadcrumb","itemListElement":[{"@type":"ListItem","position":1,"name":"Home","item":"https:\/\/mirante.ch\/fr\/"},{"@type":"ListItem","position":2,"name":"Wealth management"}]},{"@type":"WebSite","@id":"https:\/\/mirante.ch\/en\/#website","url":"https:\/\/mirante.ch\/en\/","name":"Mirante","description":"","publisher":{"@id":"https:\/\/mirante.ch\/en\/#organization"},"potentialAction":[{"@type":"SearchAction","target":{"@type":"EntryPoint","urlTemplate":"https:\/\/mirante.ch\/en\/?s={search_term_string}"},"query-input":{"@type":"PropertyValueSpecification","valueRequired":true,"valueName":"search_term_string"}}],"inLanguage":"fr-FR"},{"@type":"Organization","@id":"https:\/\/mirante.ch\/en\/#organization","name":"Mirante Fund Management SA","url":"https:\/\/mirante.ch\/en\/","logo":{"@type":"ImageObject","inLanguage":"fr-FR","@id":"https:\/\/mirante.ch\/en\/#\/schema\/logo\/image\/","url":"https:\/\/mirante.ch\/wp-content\/uploads\/2021\/10\/mfm-logo-cmjn-new.png","contentUrl":"https:\/\/mirante.ch\/wp-content\/uploads\/2021\/10\/mfm-logo-cmjn-new.png","width":1175,"height":323,"caption":"Mirante Fund Management SA"},"image":{"@id":"https:\/\/mirante.ch\/en\/#\/schema\/logo\/image\/"},"sameAs":["https:\/\/www.facebook.com\/mfmmirantefundmanagement","https:\/\/x.com\/mfm_sa","https:\/\/www.linkedin.com\/company\/mfm-mirante-fund-management\/"]}]}},"_links":{"self":[{"href":"https:\/\/mirante.ch\/fr\/wp-json\/wp\/v2\/pages\/1890","targetHints":{"allow":["GET"]}}],"collection":[{"href":"https:\/\/mirante.ch\/fr\/wp-json\/wp\/v2\/pages"}],"about":[{"href":"https:\/\/mirante.ch\/fr\/wp-json\/wp\/v2\/types\/page"}],"author":[{"embeddable":true,"href":"https:\/\/mirante.ch\/fr\/wp-json\/wp\/v2\/users\/3"}],"replies":[{"embeddable":true,"href":"https:\/\/mirante.ch\/fr\/wp-json\/wp\/v2\/comments?post=1890"}],"version-history":[{"count":48,"href":"https:\/\/mirante.ch\/fr\/wp-json\/wp\/v2\/pages\/1890\/revisions"}],"predecessor-version":[{"id":10394,"href":"https:\/\/mirante.ch\/fr\/wp-json\/wp\/v2\/pages\/1890\/revisions\/10394"}],"wp:attachment":[{"href":"https:\/\/mirante.ch\/fr\/wp-json\/wp\/v2\/media?parent=1890"}],"curies":[{"name":"wp","href":"https:\/\/api.w.org\/{rel}","templated":true}]}}